{"id":332,"date":"2016-12-05T12:45:43","date_gmt":"2016-12-05T11:45:43","guid":{"rendered":"http:\/\/www.efficientranslations.fr\/admin-assistance\/?page_id=332"},"modified":"2024-11-26T11:47:27","modified_gmt":"2024-11-26T10:47:27","slug":"legal-notice","status":"publish","type":"page","link":"https:\/\/www.efficientranslations.fr\/admin-assistance\/legal-notice\/","title":{"rendered":"Legal notice"},"content":{"rendered":"\n<h2 class=\"wp-block-heading\">Mentions l\u00e9gales<\/h2>\n\n\n\n<p>&nbsp;<\/p>\n\n\n\n<p><strong>EDITEUR DU SITE<br><\/strong>EfficienTranslations<br>N\u00b0 3 Place Gambetta<br>86400 Civray<br>SIREN N\u00b0 520 382 805<\/p>\n\n\n\n<p><strong>CONCEPTION DU SITE INTERNET<\/strong><br>R\u00e9alisation du site Internet : Mila Weissweiler<br>Responsable des contenus : Eloisa Thomas<br>Elaboration des contenus et r\u00e9daction : Eloisa Thomas<br>Photos : Mila Weissweiler<br>Carte : Googlemaps<br>H\u00e9bergement: OVH<\/p>\n\n\n\n<p><strong>CONDITIONS G\u00c9N\u00c9RALES D\u2019UTILISATION<\/strong><\/p>\n\n\n\n<p>La consultation de ce site est autoris\u00e9e pour un usage priv\u00e9 de l\u2019utilisateur. Les informations propos\u00e9es sont port\u00e9es \u00e0 la connaissance du public \u00e0 titre informatif et ne sont pas garanties exemptes d\u2019erreur. Si vous constatez une anomalie sur ce site, nous vous invitons \u00e0 la signaler en envoyant un courriel \u00e0 l\u2019adresse suivante : e&#108;&#111;&#x69;&#x73;&#x61;&#64;e&#102;&#102;&#x69;&#x63;&#x69;e&#110;&#116;&#114;&#x61;&#x6e;&#x73;l&#97;&#116;&#x69;&#x6f;&#x6e;s&#46;&#102;&#114;.<br>En acc\u00e9dant \u00e0 ce service, vous \u00eates inform\u00e9 que l\u2019utilisation du r\u00e9seau Internet n\u00e9cessite le respect d\u2019un ensemble de l\u00e9gislations que vous vous engagez \u00e0 ne pas enfreindre, et relatives notamment au droit d\u2019auteur, \u00e0 la fraude informatique, \u00e0 la loi Informatique et libert\u00e9s, \u00e0 la protection de la personne humaine, ainsi qu\u2019\u00e0 l\u2019intimit\u00e9 et au respect de la vie priv\u00e9e.<\/p>\n\n\n\n<p>Les liens pr\u00e9sents sur les pages de ce site peuvent conduire l\u2019utilisateur sur des sites qui ne d\u00e9pendent pas de la EfficienTranslations. EfficienTranslations d\u00e9cline toute responsabilit\u00e9 sur le contenu des sites dont il n\u2019est pas l\u2019\u00e9diteur et qui sont accessibles par l\u2019interm\u00e9diaire de liens hypertextes. Tout site souhaitant interdire ou limiter son r\u00e9f\u00e9rencement hypertexte peut demander \u00e0 la EfficienTranslations de supprimer tout ou partie des liens qui ont \u00e9t\u00e9 cr\u00e9\u00e9s vers lui en envoyant sa demande \u00e0 EfficienTranslations par courriel (&#101;&#x6c;&#111;&#x69;&#115;&#x61;&#64;&#x65;&#102;&#x66;&#105;&#x63;&#105;&#x65;&#110;&#x74;&#114;&#x61;&#110;&#x73;&#108;&#x61;&#116;&#x69;&#111;&#x6e;s&#x2e;f&#x72;) ou par courrier.<\/p>\n\n\n\n<p><strong>DONN\u00c9ES PERSONNELLES ET INFORMATIONS NOMINATIVES<\/strong><\/p>\n\n\n\n<p>EfficienTranslations respecte les dispositions protectrices des droits de l\u2019homme et des libert\u00e9s fondamentales, la protection des donn\u00e9es \u00e0 caract\u00e8re personnel et leur libre circulation ainsi que la Directive communautaire n\u00b0 95\/46 et la loi n\u00b0 78-17 du 6 janvier 1978 relative \u00e0 l\u2019informatique, aux fichiers et aux libert\u00e9s.<br>Les proc\u00e9dures d\u00e9claratives relatives \u00e0 la mise en \u0153uvre de traitement automatis\u00e9 des donn\u00e9es \u00e0 caract\u00e8re personnel aupr\u00e8s de la Commission Nationale Informatique et Libert\u00e9s (CNIL) sont en cours.<br>L\u2019utilisateur est notamment inform\u00e9 que, conform\u00e9ment aux articles 38, 39 et 40 de la loi n\u00b0 78-17 du 6 janvier 1978, relative \u00e0 l\u2019informatique, aux fichiers et aux libert\u00e9s, il b\u00e9n\u00e9ficie d\u2019un droit individuel d\u2019acc\u00e8s, de rectification et de suppression des informations personnelles le concernant. Les demandes \u00e9crites sont \u00e0 transmettre \u00e0 l\u2019adresse suivante :<br>EfficienTranslations \/ Eloisa Thomas \/ 24 rue du commerce, 86400 Civray \/ Tel : 05 49 87 68 97 \/ &#101;&#x6c;&#111;&#x69;&#115;&#x61;&#64;&#x65;&#102;&#x66;&#105;&#x63;i&#x65;n&#x74;r&#x61;n&#x73;l&#x61;t&#105;&#x6f;&#110;&#x73;&#46;&#x66;&#114;<\/p>\n\n\n\n<p><strong>PROPRI\u00c9T\u00c9 INTELLECTUELLE<\/strong><\/p>\n\n\n\n<p>Ce site web est prot\u00e9g\u00e9 par la l\u00e9gislation fran\u00e7aise actuellement en vigueur, contenue dans le Code de la propri\u00e9t\u00e9 intellectuelle.<br>En application des dispositions dudit Code, toute reproduction, repr\u00e9sentation ou distribution non autoris\u00e9e de tout ou partie des \u00e9l\u00e9ments et informations de ce site est interdite sauf autorisation expresse du titulaire des droits.<br>La reproduction et la repr\u00e9sentation sur un support \u00e9lectronique quel qu\u2019il soit sont formellement interdites sauf autorisation expresse du titulaire des droits.<br>Sauf autorisation expresse du titulaire des droits, il est notamment interdit de copier, diffuser, extraire, r\u00e9utiliser, stocker, reproduire, repr\u00e9senter ou conserver, directement ou indirectement, sur un support quelconque, par tout moyen et sous toute forme que ce soit, des photos figurant sur ce site. Toutefois, une demande \u00e9crite pour l\u2019utilisation de photos peut \u00eatre adress\u00e9e \u00e0 EfficienTranslations \/ 24 rue du commerce, 86400 Civray \/ Tel : 05 49 87 68 97.<\/p>\n\n\n\n<p>La reproduction et la repr\u00e9sentation des textes de ce site sur un support papier sont autoris\u00e9es, sous respect des trois conditions suivantes :<br>\u2013 Gratuit\u00e9 de la diffusion ;<br>\u2013 Respect de l\u2019int\u00e9grit\u00e9 des documents reproduits ;<br>\u2013 Citation claire et lisible de la source sous la forme suivante : \u00abCe document provient du site web de EfficienTranslations \u00ab www.efficientranslations.fr \u00bb. Les droits de reproduction et de repr\u00e9sentation sont r\u00e9serv\u00e9s et strictement limit\u00e9s.\u00bb<\/p>\n\n\n\n<p><strong>GOOGLE ANALYTICS<\/strong><\/p>\n\n\n\n<p>Ce site utilise Google Analytics, un service d\u2019analyse de site internet fourni par Google Inc. (\u201cGoogle\u201d). Google Analytics utilise des cookies , qui sont des fichiers texte plac\u00e9s sur votre ordinateur, pour aider le site internet \u00e0 analyser l\u2019utilisation du site par ses utilisateurs. Les donn\u00e9es g\u00e9n\u00e9r\u00e9es par les cookies concernant votre utilisation du site (y compris votre adresse IP) seront transmises et stock\u00e9es par Google sur des serveurs situ\u00e9s aux Etats-Unis. Google utilisera cette information dans le but d\u2019\u00e9valuer votre utilisation du site, de compiler des rapports sur l\u2019activit\u00e9 du site \u00e0 destination de son \u00e9diteur et de fournir d\u2019autres services relatifs \u00e0 l\u2019activit\u00e9 du site et \u00e0 l\u2019utilisation d\u2019Internet. Google est susceptible de communiquer ces donn\u00e9es \u00e0 des tiers en cas d\u2019obligation l\u00e9gale ou lorsque ces tiers traitent ces donn\u00e9es pour le compte de Google, y compris notamment l\u2019\u00e9diteur de ce site. Google ne recoupera pas votre adresse IP avec toute autre donn\u00e9e d\u00e9tenue par Google. Vous pouvez d\u00e9sactiver l\u2019utilisation de cookies en s\u00e9lectionnant les param\u00e8tres appropri\u00e9s de votre navigateur. Cependant, une telle d\u00e9sactivation pourrait emp\u00eacher l\u2019utilisation de certaines fonctionnalit\u00e9s de ce site. En utilisant ce site internet, vous consentez express\u00e9ment au traitement de vos donn\u00e9es nominatives par Google dans les conditions et pour les finalit\u00e9s d\u00e9crites ci-dessus.<\/p>\n","protected":false},"excerpt":{"rendered":"<p>Mentions l\u00e9gales &nbsp; EDITEUR DU SITEEfficienTranslationsN\u00b0 3 Place Gambetta86400 CivraySIREN N\u00b0 520 382 805 CONCEPTION DU SITE INTERNETR\u00e9alisation du site Internet : Mila&hellip;<\/p>\n","protected":false},"author":2,"featured_media":0,"parent":0,"menu_order":0,"comment_status":"closed","ping_status":"closed","template":"","meta":{"footnotes":""},"class_list":["post-332","page","type-page","status-publish","hentry"],"jetpack_sharing_enabled":true,"jetpack-related-posts":[],"_links":{"self":[{"href":"https:\/\/www.efficientranslations.fr\/admin-assistance\/wp-json\/wp\/v2\/pages\/332","targetHints":{"allow":["GET"]}}],"collection":[{"href":"https:\/\/www.efficientranslations.fr\/admin-assistance\/wp-json\/wp\/v2\/pages"}],"about":[{"href":"https:\/\/www.efficientranslations.fr\/admin-assistance\/wp-json\/wp\/v2\/types\/page"}],"author":[{"embeddable":true,"href":"https:\/\/www.efficientranslations.fr\/admin-assistance\/wp-json\/wp\/v2\/users\/2"}],"replies":[{"embeddable":true,"href":"https:\/\/www.efficientranslations.fr\/admin-assistance\/wp-json\/wp\/v2\/comments?post=332"}],"version-history":[{"count":6,"href":"https:\/\/www.efficientranslations.fr\/admin-assistance\/wp-json\/wp\/v2\/pages\/332\/revisions"}],"predecessor-version":[{"id":2525,"href":"https:\/\/www.efficientranslations.fr\/admin-assistance\/wp-json\/wp\/v2\/pages\/332\/revisions\/2525"}],"wp:attachment":[{"href":"https:\/\/www.efficientranslations.fr\/admin-assistance\/wp-json\/wp\/v2\/media?parent=332"}],"curies":[{"name":"wp","href":"https:\/\/api.w.org\/{rel}","templated":true}]}}