{"id":31,"date":"2016-09-26T10:36:57","date_gmt":"2016-09-26T08:36:57","guid":{"rendered":"http:\/\/www.efficientranslations.fr\/?page_id=31"},"modified":"2024-11-26T16:39:40","modified_gmt":"2024-11-26T15:39:40","slug":"a-propos","status":"publish","type":"page","link":"https:\/\/www.efficientranslations.fr\/assistance-administrative\/a-propos\/","title":{"rendered":"\u00c0 propos"},"content":{"rendered":"\n<p><strong>EFFICIENTRANSLATIONS<\/strong> propose des prestations de services administratives et des traductions\/interpr\u00e9tations en fran\u00e7ais, anglais, portugais et en espagnol pour les particuliers habitants en France ou pour toutes personnes \u00e9trang\u00e8res souhaitant emm\u00e9nager en France. Plus pr\u00e9cis\u00e9ment, aux particuliers qui rencontrent des difficult\u00e9s aux quotidiens. Quelle que soit votre origine, que vous r\u00e9sidiez ou souhaitiez s\u00e9journer en France, je serai votre interlocutrice pour toutes vos d\u00e9marches en France.<br>Je fournis \u00e9galement une assistance administrative et commerciale (y compris les \u00e9changes intracommunautaires et de l&rsquo;import\/export) ainsi que de la traduction et de l&rsquo;interpr\u00e9tation en quatre langues aux petites (TPE) et moyennes (PME) entreprises en France qui souhaitent externaliser certains de leurs travaux administratifs.<\/p>\n\n\n\n<p><strong>EFFICIENTRANSLATIONS<\/strong> a \u00e9t\u00e9 cr\u00e9\u00e9 \u00e0 l&rsquo;origine en 2016 et, est d\u00e9tenue et g\u00e9r\u00e9e exclusivement par moi-m\u00eame, ELOISA SIMON DOS SANTOS THOMAS.<br>Bas\u00e9 dans la petite ville de CIVRAY (86) dans la Vienne et dans la nouvelle r\u00e9gion de la Nouvelle-Aquitaine (Poitou-Charentes).<br>EFFICIENTRANSLATIONS offre un service personnalis\u00e9, \u00e0 la carte, et totalement confidentiel.<\/p>\n\n\n\n<h2 class=\"wp-block-heading\">Mes origines et mes formations<\/h2>\n\n\n\n<p>J&rsquo;ai suivi un cursus \u00e9tudiante du premier cycle universitaire en Sciences Sociales \u00e0 l&rsquo;Universit\u00e9 F\u00e9d\u00e9rale du Rio Grande do Sul (UFRGS) au Br\u00e9sil et j&rsquo;ai obtenu un dipl\u00f4me en Allemand Interm\u00e9diaire (Deutsch als Fremdsprache-Goethe Institut) financ\u00e9 par une bourse d&rsquo;\u00e9tude obtenue pour ma r\u00e9ussite.<\/p>\n\n\n\n<p>Par la suite, alors r\u00e9sidente au Royaume-Uni, j&rsquo;ai obtenu le dipl\u00f4me de l&rsquo;Universit\u00e9 de Cambridge \u00a0\u00bb Ma\u00eetrise de la langue Anglais\u00a0\u00bb, en tant que langue \u00e9trang\u00e8re, et plus r\u00e9cemment je suis dipl\u00f4m\u00e9e par l&rsquo;Acad\u00e9mie de Poitiers pour le \u00ab\u00a0Brevet de Technicien Sup\u00e9rieur- Assistante de Gestion Bilingue\u00a0\u00bb.<br>J&rsquo;ai acquis plus de 15 ans d&rsquo;exp\u00e9riences professionnelles en relations clients internationales et en traduction\/interpr\u00e9tation en ventes et services \u00e0 la client\u00e8le et en assistance administrative au Royaume Uni et en France.<\/p>\n\n\n\n<p>Je suis n\u00e9e au Br\u00e9sil, o\u00f9 j&rsquo;ai v\u00e9cu jusqu&rsquo;\u00e0 l&rsquo;\u00e2ge de 22 ans. Je suis r\u00e9sidente en France depuis 2007. Entre temps, j&rsquo;ai v\u00e9cu en Allemagne et en Angleterre, c&rsquo;est pourquoi j&rsquo;ai une exp\u00e9rience directe de tous les challenges li\u00e9s \u00e0 une vie \u00e0 l&rsquo;\u00e9tranger. En tant que non-Europ\u00e9enne, r\u00e9sidente \u00e0 l&rsquo;\u00e9tranger, je poss\u00e8de une grande exp\u00e9rience dans le domaine professionnel et relationnel.<\/p>\n\n\n\n<p>J&rsquo;ai cr\u00e9\u00e9 EFFICIENTRANSLATIONS pour aider et permettre aux particuliers \u00e9trangers de profiter de leur nouvelle vie en France sans les soucis administratifs, d&rsquo;assister aussi les petites et les moyennes entreprises pour effectuer leurs obligations administratives dans toutes leurs d\u00e9marches n\u00e9cessaires pour atteindre leurs objectifs commerciaux que ce soit en France ou \u00e0 l&rsquo;\u00e9tranger.<\/p>\n\n\n\n<h2 class=\"wp-block-heading\">Un r\u00e9seau de contacts et d&rsquo;exp\u00e9riences professionnelles<\/h2>\n\n\n\n<p>Au fil des ann\u00e9es, ayant acquis une exp\u00e9rience consid\u00e9rable sur des postes d&rsquo;Assistanat Administratif, Commercial et Secr\u00e9tariat de Direction, je vous propose des missions ponctuelles de travail \u00e0 distance (internet principalement) ou sur place afin de vous soutenir dans votre charge de travail en prenant en main un certain nombre de t\u00e2ches et responsabilit\u00e9s pour le soutien de votre<br>back-office\u00a0\u00bb, restant \u00e0 tout moment, bien \u00e9videmment \u00e0 l&rsquo;\u00e9coute de vos besoins et en travaillant en collaboration \u00e9troite avec vous par email, Skype, T\u00e9l\u00e9phone, SMS, etc\u2026. afin d&rsquo;obtenir les r\u00e9sultats que vous d\u00e9sirez et vous permettre de vous concentrer davantage sur vos priorit\u00e9s.<br>Mes exp\u00e9riences personnelles et professionnelles m&rsquo;ont permis d&rsquo;acqu\u00e9rir une grande vari\u00e9t\u00e9 de connaissances ainsi qu&rsquo;un r\u00e9seau professionnel consid\u00e9rable couvrant beaucoup d&rsquo;aspects de l&rsquo;environnement du business et de l&rsquo;administration publique. Ce qui signifie que je peux r\u00e9soudre efficacement la plupart des demandes d\u00e9pos\u00e9es. Mes comp\u00e9tences linguistiques me permettent de naviguer avec plus de souplesse et de facilit\u00e9, je peux rapidement analyser la situation et l&rsquo;\u00e9valuer.<\/p>\n\n\n\n<p>Cependant, je suis pleinement consciente que chaque client est diff\u00e9rent, que ce soit un particulier ou une entreprise, de m\u00eame que leurs besoins.<br>Toutes les demandes seront prises avec la plus haute consid\u00e9ration et je garantie de traiter chaque cas avec tout le soin professionnel n\u00e9cessaire et dans les meilleurs d\u00e9lais.<\/p>\n\n\n\n<p>Vous pouvez consulter mon site pour de plus amples informations sur mes services. Utilisez la page de <a href=\"http:\/\/www.efficientranslations.fr\/assistance-administrative\/contact\/\">contact<\/a> si vous souhaitez me joindre.<\/p>\n\n\n\n<h2 class=\"wp-block-heading\">Assistanat administratif virtuel plurilingue anglais\/portugais\/espagnol\/fran\u00e7ais<\/h2>\n\n\n\n<p>Une liste non exhaustive des mes prestations :<\/p>\n\n\n\n<ul class=\"wp-block-list\">\n<li>Je vous propose aussi de m&rsquo;occuper de l&rsquo;organisation de vos d\u00e9placements ou de ceux de vos contacts \u00e9trangers, r\u00e9unions, \u00e9v\u00e8nements, frappe de documents, rapports, traduction\/interpr\u00e9tation, traduction de site Web en anglais, portugais, espagnol ou de vos pages sur les r\u00e9seaux sociaux\u2026\u2026<\/li>\n\n\n\n<li>Je suis aussi traductrice et\/ou corrective (anglais\/portugais\/espagnol sur sites web, blogs, documents, contrats commerciaux, rapports et pr\u00e9sentations commerciales ou internes, articles, interviews, brochures, th\u00e8ses, courrier personnel (Expats market), etc\u2026<\/li>\n\n\n\n<li>Je peux aussi vous aider en interpr\u00e9tation lors de vos t\u00e9l\u00e9conf\u00e9rences- conversations Skype ou Webinaires, etc.. (anglais\/portugais\/espagnol\/fran\u00e7ais).<\/li>\n\n\n\n<li>Si vous le d\u00e9sirez, je vous propose aussi de vous aider \u00e0 perfectionner votre anglais (ou portugais)\u2026 en pratiquant tout simplement\u2026<\/li>\n\n\n\n<li>Mes services s&rsquo;adressent \u00e0 toutes tailles d&rsquo;entreprises\/ niveaux d&rsquo;entrepreneuriat.<br>\u00ab\u00a0No job is too big or too small\u2026.\u00a0\u00bb<\/li>\n<\/ul>\n\n\n\n<p>N&rsquo;h\u00e9sitez pas \u00e0 me consulter pour plus d&rsquo;informations sur mon mode de fonctionnement.<\/p>\n\n\n\n<p><em>Vous trouverez plus de d\u00e9tails sur ma page <a href=\"https:\/\/www.facebook.com\/EloisaThomasEfficienTranslations\/\" target=\"_blank\" rel=\"noopener noreferrer\">Facebook<\/a><\/em><\/p>\n\n\n\n<div style=\"height:50px\" aria-hidden=\"true\" class=\"wp-block-spacer\"><\/div>\n\n\n\n<div class=\"hentry\"><header class=\"entry-header\">\n<h2 class=\"entry-title\">Mes partenaires<\/h2>\n<\/header>\n<h4 style=\"text-align: left;\">De la coop\u00e9ration et de la collaboration pour encore mieux vous servir. Votre r\u00e9ussite est notre int\u00e9r\u00eat.<\/h4>\n<\/div>\n\n\n\n<div style=\"height:50px\" aria-hidden=\"true\" class=\"wp-block-spacer\"><\/div>\n\n\n<div class=\"wp-block-image\">\n<figure class=\"alignright\"><a href=\"http:\/\/www.entreprendre-sudvienne.fr\" target=\"_blank\" rel=\"noopener noreferrer\"><img decoding=\"async\" src=\"http:\/\/www.efficientranslations.fr\/admin-assistance\/wp-content\/uploads\/2016\/09\/logo-cesv.jpg\" alt=\"\" class=\"wp-image-394\"\/><\/a><\/figure><\/div>\n\n\n<p><strong>CESV<\/strong><br><a href=\"http:\/\/www.entreprendre-sudvienne.fr\/\" target=\"_blank\" rel=\"noopener noreferrer\">www.entreprendre-sudvienne.fr<\/a><br>A member of the CESV (Le club des entrepreneurs\u00a0du Sud-Vienne) and its committee. Working in direct collaboration with local and regional companies and liaison with different authorities, mairies, organisations, official departments, agencies and public bodies.<\/p>\n\n\n\n<div style=\"height:50px\" aria-hidden=\"true\" class=\"wp-block-spacer\"><\/div>\n\n\n<div class=\"wp-block-image\">\n<figure class=\"alignright\"><img decoding=\"async\" src=\"http:\/\/www.efficientranslations.fr\/admin-assistance\/wp-content\/uploads\/2016\/09\/argus-logo.jpg\" alt=\"argus-logo\" class=\"wp-image-336\"\/><\/figure><\/div>\n\n\n<p><br><strong>ARGU&rsquo;S IMMOBILIER<\/strong><br><a href=\"http:\/\/www.argusimmobilier.fr\/\" target=\"_blank\" rel=\"noopener noreferrer\">www.argusimmobilier.fr<\/a><br>For all your property renting and purchase, Jean Samuel Cordeau, R\u00e9mi Benaiteau and Benoite Bernardeau are there to guide you through it!<\/p>\n\n\n\n<div style=\"height:50px\" aria-hidden=\"true\" class=\"wp-block-spacer\"><\/div>\n\n\n<div class=\"wp-block-image\">\n<figure class=\"alignright\"><img decoding=\"async\" src=\"http:\/\/www.efficientranslations.fr\/admin-assistance\/wp-content\/uploads\/2016\/09\/english-spoken-300x71.jpg\" alt=\"english-spoken\" class=\"wp-image-349\"\/><\/figure><\/div>\n\n\n<p><br><strong>English spoken<\/strong><br><a href=\"http:\/\/www.englishspoken.info\/\" target=\"_blank\" rel=\"noopener noreferrer\">www.englishspoken.info<\/a><\/p>\n\n\n\n<div style=\"height:50px\" aria-hidden=\"true\" class=\"wp-block-spacer\"><\/div>\n\n\n<div class=\"wp-block-image\">\n<figure class=\"alignright\"><img decoding=\"async\" src=\"http:\/\/www.efficientranslations.fr\/admin-assistance\/wp-content\/uploads\/2016\/09\/beaux-villages-300x74.jpg\" alt=\"beaux-villages\" class=\"wp-image-343\"\/><\/figure><\/div>\n\n\n<p><strong>Beaux Villages<\/strong><br><a href=\"http:\/\/www.beauxvillages.com\/\" target=\"_blank\" rel=\"noopener noreferrer\">www.beauxvillages.com<\/a><br>Victoria and Andrew Lowkis, your real estate agents, are happy to help you with your house hunting. Go on, get in touch with them! Give them a ring on +33 (0)6 30 01 25 84!<\/p>\n\n\n\n<div style=\"height:50px\" aria-hidden=\"true\" class=\"wp-block-spacer\"><\/div>\n\n\n<div class=\"wp-block-image\">\n<figure class=\"alignright\"><img decoding=\"async\" src=\"http:\/\/www.efficientranslations.fr\/admin-assistance\/wp-content\/uploads\/2016\/09\/logo-cambridge.png\" alt=\"logo-cambridge\" class=\"wp-image-347\"\/><\/figure><\/div>\n\n\n<p><br><strong>Cambridge Global Payments<\/strong><br><a href=\"http:\/\/www.cambridgefx.com\" target=\"_blank\" rel=\"noopener noreferrer\">www.cambridgefx.com<\/a><br>For all your currency transfers into\/from France or abroad, give me a call. I can put you in touch with just the right person!<\/p>\n\n\n\n<div style=\"height:50px\" aria-hidden=\"true\" class=\"wp-block-spacer\"><\/div>\n\n\n<div class=\"wp-block-image\">\n<figure class=\"alignright\"><img decoding=\"async\" src=\"http:\/\/www.efficientranslations.fr\/admin-assistance\/wp-content\/uploads\/2016\/09\/bm_logo.jpg\" alt=\"bm_logo\" class=\"wp-image-342\"\/><\/figure><\/div>\n\n\n<p><br><strong>Brico March\u00e9 Savign\u00e9<\/strong><br><a href=\"http:\/\/www.bricomarche.com\/\" target=\"_blank\" rel=\"noopener noreferrer\">www.bricomarche.com<\/a><\/p>\n\n\n\n<div style=\"height:50px\" aria-hidden=\"true\" class=\"wp-block-spacer\"><\/div>\n\n\n<div class=\"wp-block-image\">\n<figure class=\"alignright\"><img decoding=\"async\" src=\"http:\/\/www.efficientranslations.fr\/admin-assistance\/wp-content\/uploads\/2016\/09\/logo_roady.png\" alt=\"logo_roady\" class=\"wp-image-341\"\/><\/figure><\/div>\n\n\n<p><strong><br>Roady Savign\u00e9<\/strong><br><a href=\"http:\/\/www.roady.fr\/centre-automobile\/seauto\" target=\"_blank\" rel=\"noopener noreferrer\">www.roady.fr\/centre-automobile\/seauto<\/a><\/p>\n\n\n\n<div style=\"height:50px\" aria-hidden=\"true\" class=\"wp-block-spacer\"><\/div>\n\n\n<div class=\"wp-block-image\">\n<figure class=\"alignright\"><img decoding=\"async\" src=\"http:\/\/www.efficientranslations.fr\/admin-assistance\/wp-content\/uploads\/2016\/09\/logo-ufc-que-choisir-269x300-269x300.jpg\" alt=\"logo-ufc-que-choisir-269x300\" class=\"wp-image-340\"\/><\/figure><\/div>\n\n\n<p><br><strong>UFC Que choisir 86<\/strong><br><a href=\"http:\/\/www.ufc-quechoisir86.org\/\">www.ufc-quechoisir86.org<\/a><br>Are you having consumer issues? Are you strugling to get your consumer rights heard? Just give me a call and I can put you in touch with the largest and oldest consumer association in France!<\/p>\n\n\n\n<div style=\"height:50px\" aria-hidden=\"true\" class=\"wp-block-spacer\"><\/div>\n\n\n\n<p><strong>Val\u00e9rie Petry-Lynch<\/strong><br><a href=\"http:\/\/www.expert-translations-petry.fr\" target=\"_blank\" rel=\"noopener noreferrer\">www.expert-translations-petry.fr<\/a><br>For all your sworn&nbsp;translation needs, don&rsquo;t hesitate to submit your request.<\/p>\n","protected":false},"excerpt":{"rendered":"<p>EFFICIENTRANSLATIONS propose des prestations de services administratives et des traductions\/interpr\u00e9tations en fran\u00e7ais, anglais, portugais et en espagnol pour les particuliers habitants en France&hellip;<\/p>\n","protected":false},"author":2,"featured_media":220,"parent":0,"menu_order":0,"comment_status":"closed","ping_status":"closed","template":"page-templates\/no-sidebar.php","meta":{"footnotes":""},"class_list":["post-31","page","type-page","status-publish","has-post-thumbnail","hentry"],"jetpack_sharing_enabled":true,"_links":{"self":[{"href":"https:\/\/www.efficientranslations.fr\/assistance-administrative\/wp-json\/wp\/v2\/pages\/31","targetHints":{"allow":["GET"]}}],"collection":[{"href":"https:\/\/www.efficientranslations.fr\/assistance-administrative\/wp-json\/wp\/v2\/pages"}],"about":[{"href":"https:\/\/www.efficientranslations.fr\/assistance-administrative\/wp-json\/wp\/v2\/types\/page"}],"author":[{"embeddable":true,"href":"https:\/\/www.efficientranslations.fr\/assistance-administrative\/wp-json\/wp\/v2\/users\/2"}],"replies":[{"embeddable":true,"href":"https:\/\/www.efficientranslations.fr\/assistance-administrative\/wp-json\/wp\/v2\/comments?post=31"}],"version-history":[{"count":39,"href":"https:\/\/www.efficientranslations.fr\/assistance-administrative\/wp-json\/wp\/v2\/pages\/31\/revisions"}],"predecessor-version":[{"id":932,"href":"https:\/\/www.efficientranslations.fr\/assistance-administrative\/wp-json\/wp\/v2\/pages\/31\/revisions\/932"}],"wp:featuredmedia":[{"embeddable":true,"href":"https:\/\/www.efficientranslations.fr\/assistance-administrative\/wp-json\/wp\/v2\/media\/220"}],"wp:attachment":[{"href":"https:\/\/www.efficientranslations.fr\/assistance-administrative\/wp-json\/wp\/v2\/media?parent=31"}],"curies":[{"name":"wp","href":"https:\/\/api.w.org\/{rel}","templated":true}]}}